{"id":11,"date":"2025-11-20T09:24:23","date_gmt":"2025-11-20T09:24:23","guid":{"rendered":"https:\/\/atypicid.org\/?page_id=11"},"modified":"2026-01-12T10:53:30","modified_gmt":"2026-01-12T10:53:30","slug":"nos-projets","status":"publish","type":"page","link":"https:\/\/atypicid.org\/index.php\/nos-projets\/","title":{"rendered":"Nos projets"},"content":{"rendered":"\n<div class=\"guten-element gutenverse-text-editor guten-C4kGK1\"><div class=\"text-content-inner\">\n<p><a href=\"https:\/\/atypicid.org\/index.php\/accueil\/\" data-type=\"page\" data-id=\"7\">Accueil<\/a> &gt; <strong>Nos projets<\/strong><\/p>\n<\/div><\/div>\n\n\n\n<div class=\"section-wrapper\" data-id=\"f4i2Rr\"><section class=\"wp-block-gutenverse-section guten-element guten-section guten-f4i2Rr layout-boxed align-stretch\"><div class=\"guten-container guten-column-gap-default\">\n<div class=\"wp-block-gutenverse-column guten-element guten-column guten-BZ1QzN\"><div class=\"guten-column-wrapper\" data-id=\"BZ1QzN\">\n<h1 class=\"wp-block-gutenverse-heading guten-element guten-LtLpa3\">Nos projets<\/h1>\n\n\n\n<div class=\"guten-element gutenverse-text-editor guten-gnaSnj\"><div class=\"text-content-inner\">\n<p>D\u00e9couvrez ici tous ceux qui nous ont d\u00e9j\u00e0 fait confiance<\/p>\n<\/div><\/div>\n<\/div><\/div>\n<\/div><\/section><\/div>\n\n\n\n<div class=\"section-wrapper\" data-id=\"zHQR4D\"><section class=\"wp-block-gutenverse-section guten-element guten-section guten-zHQR4D layout-boxed align-stretch\"><div class=\"guten-container guten-column-gap-default\">\n<div class=\"wp-block-gutenverse-column guten-element guten-column guten-yTmwIY\"><div class=\"guten-column-wrapper\" data-id=\"yTmwIY\">\n<div class=\"guten-element guten-client-logo grid-desktop-3 guten-IyK8Ss arrow-bottom-edge\"><div class=\"client-list\"><div id=\"guten-IyK8Ss\" class=\"swiper-container\" data-loop=\"false\" data-autoplay=\"false\" data-timeout=\"2400\" data-nav=\"false\" data-arrow=\"false\" data-breakpoints=\"{&quot;0&quot;:{&quot;spaceBetween&quot;:10,&quot;slidesPerView&quot;:1},&quot;768&quot;:{&quot;spaceBetween&quot;:10,&quot;slidesPerView&quot;:2},&quot;1024&quot;:{&quot;spaceBetween&quot;:10,&quot;slidesPerView&quot;:1}}\"><div class=\"swiper-wrapper\"><div class=\"image-list swiper-slide\"><a href=\"https:\/\/atypicid.org\/index.php\/la-maison-de-lautisme\/\" class=\"content-image\"><img decoding=\"async\" class=\"main-image\" src=\"http:\/\/atypicid.org\/wp-content\/uploads\/2026\/01\/maison-autisme_01.png\" alt=\"Maison de l'Autisme\" width=\"470\" height=\"293\"\/><img decoding=\"async\" class=\"hover-image\" src=\"http:\/\/atypicid.org\/wp-content\/uploads\/2026\/01\/maison-autisme_02.png\" alt=\"Maison de l'Autisme\" width=\"470\" height=\"293\"\/><\/a><\/div><\/div><\/div><\/div><\/div>\n<\/div><\/div>\n\n\n\n<div class=\"wp-block-gutenverse-column guten-element guten-column guten-8ARTfJ\"><div class=\"guten-column-wrapper\" data-id=\"8ARTfJ\">\n<div class=\"guten-element guten-client-logo grid-desktop-3 guten-s5Ku6m arrow-bottom-edge\"><div class=\"client-list\"><div id=\"guten-s5Ku6m\" class=\"swiper-container\" data-loop=\"false\" data-autoplay=\"false\" data-timeout=\"2400\" data-nav=\"false\" data-arrow=\"false\" data-breakpoints=\"{&quot;0&quot;:{&quot;spaceBetween&quot;:10,&quot;slidesPerView&quot;:1},&quot;768&quot;:{&quot;spaceBetween&quot;:10,&quot;slidesPerView&quot;:2},&quot;1024&quot;:{&quot;spaceBetween&quot;:10,&quot;slidesPerView&quot;:1}}\"><div class=\"swiper-wrapper\"><div class=\"image-list swiper-slide\"><a href=\"https:\/\/atypicid.org\/index.php\/les-fourneaux-de-marthe-et-matthieu\/\" class=\"content-image\"><img decoding=\"async\" class=\"main-image\" src=\"http:\/\/atypicid.org\/wp-content\/uploads\/2026\/01\/fourneaux_01.png\" alt=\"One\" width=\"470\" height=\"293\"\/><img decoding=\"async\" class=\"hover-image\" src=\"http:\/\/atypicid.org\/wp-content\/uploads\/2026\/01\/fourneaux_02.png\" alt=\"One\" width=\"470\" height=\"293\"\/><\/a><\/div><\/div><\/div><\/div><\/div>\n<\/div><\/div>\n\n\n\n<div class=\"wp-block-gutenverse-column guten-element guten-column guten-Gh4PGb\"><div class=\"guten-column-wrapper\" data-id=\"Gh4PGb\">\n<div class=\"guten-element guten-client-logo grid-desktop-3 guten-qfnS61 arrow-bottom-edge\"><div class=\"client-list\"><div id=\"guten-qfnS61\" class=\"swiper-container\" data-loop=\"false\" data-autoplay=\"false\" data-timeout=\"2400\" data-nav=\"false\" data-arrow=\"false\" data-breakpoints=\"{&quot;0&quot;:{&quot;spaceBetween&quot;:10,&quot;slidesPerView&quot;:1},&quot;768&quot;:{&quot;spaceBetween&quot;:10,&quot;slidesPerView&quot;:2},&quot;1024&quot;:{&quot;spaceBetween&quot;:10,&quot;slidesPerView&quot;:1}}\"><div class=\"swiper-wrapper\"><div class=\"image-list swiper-slide\"><a href=\"https:\/\/atypicid.org\/index.php\/10-sur-10\/\" class=\"content-image\"><img decoding=\"async\" class=\"main-image\" src=\"http:\/\/atypicid.org\/wp-content\/uploads\/2026\/01\/10sur10_01.png\" alt=\"One\" width=\"470\" height=\"293\"\/><img decoding=\"async\" class=\"hover-image\" src=\"http:\/\/atypicid.org\/wp-content\/uploads\/2026\/01\/10sur10_02.png\" alt=\"One\" width=\"470\" height=\"293\"\/><\/a><\/div><\/div><\/div><\/div><\/div>\n<\/div><\/div>\n<\/div><\/section><\/div>\n\n\n\n<div class=\"section-wrapper\" data-id=\"csl9D4\"><section class=\"wp-block-gutenverse-section guten-element guten-section guten-csl9D4 layout-boxed align-stretch\"><div class=\"guten-container guten-column-gap-default\">\n<div class=\"wp-block-gutenverse-column guten-element guten-column guten-r5Cz7y\"><div class=\"guten-column-wrapper\" data-id=\"r5Cz7y\">\n<div class=\"guten-element guten-client-logo grid-desktop-3 guten-dSxtiZ arrow-bottom-edge\"><div class=\"client-list\"><div id=\"guten-dSxtiZ\" class=\"swiper-container\" data-loop=\"false\" data-autoplay=\"false\" data-timeout=\"2400\" data-nav=\"false\" data-arrow=\"false\" data-breakpoints=\"{&quot;0&quot;:{&quot;spaceBetween&quot;:10,&quot;slidesPerView&quot;:1},&quot;768&quot;:{&quot;spaceBetween&quot;:10,&quot;slidesPerView&quot;:2},&quot;1024&quot;:{&quot;spaceBetween&quot;:10,&quot;slidesPerView&quot;:1}}\"><div class=\"swiper-wrapper\"><div class=\"image-list swiper-slide\"><a href=\"https:\/\/atypicid.org\/index.php\/association-vivre\/\" class=\"content-image\"><img decoding=\"async\" class=\"main-image\" src=\"http:\/\/atypicid.org\/wp-content\/uploads\/2026\/01\/vivre_01.png\" alt=\"Association Vivre\" width=\"470\" height=\"293\"\/><img decoding=\"async\" class=\"hover-image\" src=\"http:\/\/atypicid.org\/wp-content\/uploads\/2026\/01\/vivre_02.png\" alt=\"Association Vivre\" width=\"470\" height=\"293\"\/><\/a><\/div><\/div><\/div><\/div><\/div>\n<\/div><\/div>\n\n\n\n<div class=\"wp-block-gutenverse-column guten-element guten-column guten-HMH2M7\"><div class=\"guten-column-wrapper\" data-id=\"HMH2M7\">\n<div class=\"guten-element guten-client-logo grid-desktop-3 guten-5bICqI arrow-bottom-edge\"><div class=\"client-list\"><div id=\"guten-5bICqI\" class=\"swiper-container\" data-loop=\"false\" data-autoplay=\"false\" data-timeout=\"2400\" data-nav=\"false\" data-arrow=\"false\" data-breakpoints=\"{&quot;0&quot;:{&quot;spaceBetween&quot;:10,&quot;slidesPerView&quot;:1},&quot;768&quot;:{&quot;spaceBetween&quot;:10,&quot;slidesPerView&quot;:2},&quot;1024&quot;:{&quot;spaceBetween&quot;:10,&quot;slidesPerView&quot;:1}}\"><div class=\"swiper-wrapper\"><div class=\"image-list swiper-slide\"><a href=\"https:\/\/atypicid.org\/index.php\/artypic\/\" class=\"content-image\"><img decoding=\"async\" class=\"main-image\" src=\"http:\/\/atypicid.org\/wp-content\/uploads\/2026\/01\/artypic_01.png\" alt=\"Artypic\" width=\"470\" height=\"293\"\/><img decoding=\"async\" class=\"hover-image\" src=\"http:\/\/atypicid.org\/wp-content\/uploads\/2026\/01\/artypic_02.png\" alt=\"Artypic\" width=\"470\" height=\"293\"\/><\/a><\/div><\/div><\/div><\/div><\/div>\n<\/div><\/div>\n\n\n\n<div class=\"wp-block-gutenverse-column guten-element guten-column guten-F1nA8G\"><div class=\"guten-column-wrapper\" data-id=\"F1nA8G\">\n<div class=\"guten-element guten-client-logo grid-desktop-3 guten-jJdvTu arrow-bottom-edge\"><div class=\"client-list\"><div id=\"guten-jJdvTu\" class=\"swiper-container\" data-loop=\"false\" data-autoplay=\"false\" data-timeout=\"2400\" data-nav=\"false\" data-arrow=\"false\" data-breakpoints=\"{&quot;0&quot;:{&quot;spaceBetween&quot;:10,&quot;slidesPerView&quot;:1},&quot;768&quot;:{&quot;spaceBetween&quot;:10,&quot;slidesPerView&quot;:2},&quot;1024&quot;:{&quot;spaceBetween&quot;:10,&quot;slidesPerView&quot;:1}}\"><div class=\"swiper-wrapper\"><div class=\"image-list swiper-slide\"><a href=\"https:\/\/atypicid.org\/index.php\/pap-prader-willi\/\" class=\"content-image\"><img decoding=\"async\" class=\"main-image\" src=\"http:\/\/atypicid.org\/wp-content\/uploads\/2026\/01\/pap_prader-willi_01.png\" alt=\"Pap Prader Willi\" width=\"470\" height=\"293\"\/><img decoding=\"async\" class=\"hover-image\" src=\"http:\/\/atypicid.org\/wp-content\/uploads\/2026\/01\/pap_prader-willi_02.png\" alt=\"Pap Prader Willi\" width=\"470\" height=\"293\"\/><\/a><\/div><\/div><\/div><\/div><\/div>\n<\/div><\/div>\n<\/div><\/section><\/div>\n\n\n\n<div class=\"section-wrapper\" data-id=\"wAXYGY\"><section class=\"wp-block-gutenverse-section guten-element guten-section guten-wAXYGY layout-boxed align-stretch\"><div class=\"guten-container guten-column-gap-default\">\n<div class=\"wp-block-gutenverse-column guten-element guten-column guten-CfC6z9\"><div class=\"guten-column-wrapper\" data-id=\"CfC6z9\">\n<div class=\"guten-element guten-client-logo grid-desktop-3 guten-ro6OKT arrow-bottom-edge\"><div class=\"client-list\"><div id=\"guten-ro6OKT\" class=\"swiper-container\" data-loop=\"false\" data-autoplay=\"false\" data-timeout=\"2400\" data-nav=\"false\" data-arrow=\"false\" data-breakpoints=\"{&quot;0&quot;:{&quot;spaceBetween&quot;:10,&quot;slidesPerView&quot;:1},&quot;768&quot;:{&quot;spaceBetween&quot;:10,&quot;slidesPerView&quot;:2},&quot;1024&quot;:{&quot;spaceBetween&quot;:10,&quot;slidesPerView&quot;:1}}\"><div class=\"swiper-wrapper\"><div class=\"image-list swiper-slide\"><a href=\"https:\/\/atypicid.org\/index.php\/belle-alliance\/\" class=\"content-image\"><img decoding=\"async\" class=\"main-image\" src=\"http:\/\/atypicid.org\/wp-content\/uploads\/2026\/01\/belle-alliance_01.png\" alt=\"Belle Alliance\" width=\"470\" height=\"293\"\/><img decoding=\"async\" class=\"hover-image\" src=\"http:\/\/atypicid.org\/wp-content\/uploads\/2026\/01\/belle-alliance_02.png\" alt=\"Belle Alliance\" width=\"470\" height=\"293\"\/><\/a><\/div><\/div><\/div><\/div><\/div>\n<\/div><\/div>\n\n\n\n\n<\/div><\/section><\/div>\n\n\n\n<div class=\"section-wrapper\" data-id=\"ZCZply\"><section class=\"wp-block-gutenverse-section guten-element guten-section guten-ZCZply layout-boxed align-stretch\"><div class=\"guten-container guten-column-gap-default\">\n<div class=\"wp-block-gutenverse-column guten-element guten-column guten-pZxEj6\"><div class=\"guten-column-wrapper\" data-id=\"pZxEj6\">\n<div class=\"guten-element guten-spacer guten-oq0Gzh\"><\/div>\n\n\n\n<div class=\"section-wrapper\" data-id=\"42ggUY\"><section class=\"wp-block-gutenverse-section guten-element guten-section guten-42ggUY layout-boxed align-stretch\"><div class=\"guten-container guten-column-gap-default\">\n<div class=\"wp-block-gutenverse-column guten-element guten-column guten-BMBTSS\"><div class=\"guten-column-wrapper\" data-id=\"BMBTSS\">\n<div class=\"section-wrapper\" data-id=\"oy3nLK\"><section class=\"wp-block-gutenverse-section guten-element guten-section guten-oy3nLK layout-boxed align-stretch\"><div class=\"guten-container guten-column-gap-default\">\n<div class=\"wp-block-gutenverse-column guten-element guten-column guten-3HTUUO\"><div class=\"guten-column-wrapper\" data-id=\"3HTUUO\"><div class=\"guten-background-overlay\"><\/div>\n<h2 class=\"wp-block-gutenverse-heading guten-element guten-l7FEsd\">Offre mini<\/h2>\n<\/div><\/div>\n\n\n\n<div class=\"wp-block-gutenverse-column guten-element guten-column guten-ksp9rd\"><div class=\"guten-column-wrapper\" data-id=\"ksp9rd\">\n<div class=\"guten-element guten-spacer guten-iGRvSS\"><\/div>\n<\/div><\/div>\n\n\n\n<div class=\"wp-block-gutenverse-column guten-element guten-column guten-Dulpmz\"><div class=\"guten-column-wrapper\" data-id=\"Dulpmz\">\n<h2 class=\"wp-block-gutenverse-heading guten-element guten-LeN1MH\">4600\u20ac<\/h2>\n<\/div><\/div>\n<\/div><\/section><\/div>\n\n\n\n<div class=\"section-wrapper\" data-id=\"E3oGi4\"><section class=\"wp-block-gutenverse-section guten-element guten-section guten-E3oGi4 layout-boxed align-stretch\"><div class=\"guten-container guten-column-gap-default\">\n<div class=\"wp-block-gutenverse-column guten-element guten-column guten-PbJ2jh\"><div class=\"guten-column-wrapper\" data-id=\"PbJ2jh\">\n<div class=\"guten-element gutenverse-text-editor guten-7NMJCJ\"><div class=\"text-content-inner\">\n<p>1 Logo<\/p>\n<\/div><\/div>\n<\/div><\/div>\n\n\n\n<div class=\"wp-block-gutenverse-column guten-element guten-column guten-MJMGzr\"><div class=\"guten-column-wrapper\" data-id=\"MJMGzr\">\n<div class=\"guten-element guten-spacer guten-CUw4Vt\"><\/div>\n<\/div><\/div>\n\n\n\n<div class=\"wp-block-gutenverse-column guten-element guten-column guten-mUE9Et\"><div class=\"guten-column-wrapper\" data-id=\"mUE9Et\">\n<div class=\"guten-element guten-spacer guten-4j1lGS\"><\/div>\n<\/div><\/div>\n<\/div><\/section><\/div>\n\n\n\n<div class=\"wp-block-gutenverse-icon guten-element guten-kmDHS4 guten-icon\"><span class=\"guten-icon-wrapper rounded stacked\"><i class=\"fas fa-plus\"><\/i><\/span><\/div>\n\n\n\n<div class=\"section-wrapper\" data-id=\"FoMZV1\"><section class=\"wp-block-gutenverse-section guten-element guten-section guten-FoMZV1 layout-boxed align-stretch\"><div class=\"guten-container guten-column-gap-default\">\n<div class=\"wp-block-gutenverse-column guten-element guten-column guten-8fthRL\"><div class=\"guten-column-wrapper\" data-id=\"8fthRL\">\n<div class=\"guten-element gutenverse-text-editor guten-wfewk8\"><div class=\"text-content-inner\">\n<p>1 mini charte graphique<\/p>\n<\/div><\/div>\n<\/div><\/div>\n\n\n\n<div class=\"wp-block-gutenverse-column guten-element guten-column guten-cJ5ugv\"><div class=\"guten-column-wrapper\" data-id=\"cJ5ugv\"><\/div><\/div>\n\n\n\n<div class=\"wp-block-gutenverse-column guten-element guten-column guten-8WtAwJ\"><div class=\"guten-column-wrapper\" data-id=\"8WtAwJ\"><\/div><\/div>\n<\/div><\/section><\/div>\n\n\n\n<div class=\"wp-block-gutenverse-icon guten-element guten-yq6o5t guten-icon\"><span class=\"guten-icon-wrapper rounded stacked\"><i class=\"fas fa-plus\"><\/i><\/span><\/div>\n\n\n\n<div class=\"section-wrapper\" data-id=\"MtG1jS\"><section class=\"wp-block-gutenverse-section guten-element guten-section guten-MtG1jS layout-boxed align-stretch\"><div class=\"guten-container guten-column-gap-default\">\n<div class=\"wp-block-gutenverse-column guten-element guten-column guten-GEt7Rp\"><div class=\"guten-column-wrapper\" data-id=\"GEt7Rp\">\n<div class=\"guten-element gutenverse-text-editor guten-MQjzlQ\"><div class=\"text-content-inner\">\n<p>1 kit de supports de com\u2019<\/p>\n<\/div><\/div>\n<\/div><\/div>\n\n\n\n<div class=\"wp-block-gutenverse-column guten-element guten-column guten-WpAy3N\"><div class=\"guten-column-wrapper\" data-id=\"WpAy3N\"><\/div><\/div>\n<\/div><\/section><\/div>\n<\/div><\/div>\n\n\n\n<div class=\"wp-block-gutenverse-column guten-element guten-column guten-CGEuML\"><div class=\"guten-column-wrapper\" data-id=\"CGEuML\">\n<div class=\"section-wrapper\" data-id=\"wDsusm\"><section class=\"wp-block-gutenverse-section guten-element guten-section guten-wDsusm layout-boxed align-stretch\"><div class=\"guten-container guten-column-gap-default\">\n<div class=\"wp-block-gutenverse-column guten-element guten-column guten-sxZERI\"><div class=\"guten-column-wrapper\" data-id=\"sxZERI\"><div class=\"guten-background-overlay\"><\/div>\n<h2 class=\"wp-block-gutenverse-heading guten-element guten-iSQzxV\">Offre plus<\/h2>\n<\/div><\/div>\n\n\n\n<div class=\"wp-block-gutenverse-column guten-element guten-column guten-SfQGkz\"><div class=\"guten-column-wrapper\" data-id=\"SfQGkz\">\n<div class=\"guten-element guten-spacer guten-AHloY7\"><\/div>\n<\/div><\/div>\n\n\n\n<div class=\"wp-block-gutenverse-column guten-element guten-column guten-4Ncjht\"><div class=\"guten-column-wrapper\" data-id=\"4Ncjht\">\n<h2 class=\"wp-block-gutenverse-heading guten-element guten-zfchov\">7900\u20ac<\/h2>\n<\/div><\/div>\n<\/div><\/section><\/div>\n\n\n\n<div class=\"section-wrapper\" data-id=\"A2ytA6\"><section class=\"wp-block-gutenverse-section guten-element guten-section guten-A2ytA6 layout-boxed align-stretch\"><div class=\"guten-container guten-column-gap-default\">\n<div class=\"wp-block-gutenverse-column guten-element guten-column guten-EF0bAb\"><div class=\"guten-column-wrapper\" data-id=\"EF0bAb\">\n<div class=\"guten-element gutenverse-text-editor guten-9A6jeJ\"><div class=\"text-content-inner\">\n<p>1 Logo<\/p>\n<\/div><\/div>\n<\/div><\/div>\n\n\n\n<div class=\"wp-block-gutenverse-column guten-element guten-column guten-pFhsYH\"><div class=\"guten-column-wrapper\" data-id=\"pFhsYH\">\n<div class=\"guten-element guten-spacer guten-ahKIOI\"><\/div>\n<\/div><\/div>\n\n\n\n<div class=\"wp-block-gutenverse-column guten-element guten-column guten-vwzsXk\"><div class=\"guten-column-wrapper\" data-id=\"vwzsXk\">\n<div class=\"guten-element guten-spacer guten-McjsRw\"><\/div>\n<\/div><\/div>\n<\/div><\/section><\/div>\n\n\n\n<div class=\"wp-block-gutenverse-icon guten-element guten-1ykEdZ guten-icon\"><span class=\"guten-icon-wrapper rounded stacked\"><i class=\"fas fa-plus\"><\/i><\/span><\/div>\n\n\n\n<div class=\"section-wrapper\" data-id=\"TZGBaH\"><section class=\"wp-block-gutenverse-section guten-element guten-section guten-TZGBaH layout-boxed align-stretch\"><div class=\"guten-container guten-column-gap-default\">\n<div class=\"wp-block-gutenverse-column guten-element guten-column guten-9KZkN3\"><div class=\"guten-column-wrapper\" data-id=\"9KZkN3\">\n<div class=\"guten-element gutenverse-text-editor guten-ys4J8h\"><div class=\"text-content-inner\">\n<p>1 mini charte graphique<\/p>\n<\/div><\/div>\n<\/div><\/div>\n\n\n\n<div class=\"wp-block-gutenverse-column guten-element guten-column guten-poVPWS\"><div class=\"guten-column-wrapper\" data-id=\"poVPWS\"><\/div><\/div>\n\n\n\n<div class=\"wp-block-gutenverse-column guten-element guten-column guten-GQZRFD\"><div class=\"guten-column-wrapper\" data-id=\"GQZRFD\"><\/div><\/div>\n<\/div><\/section><\/div>\n\n\n\n<div class=\"wp-block-gutenverse-icon guten-element guten-7UfhZI guten-icon\"><span class=\"guten-icon-wrapper rounded stacked\"><i class=\"fas fa-plus\"><\/i><\/span><\/div>\n\n\n\n<div class=\"section-wrapper\" data-id=\"Jyqu80\"><section class=\"wp-block-gutenverse-section guten-element guten-section guten-Jyqu80 layout-boxed align-stretch\"><div class=\"guten-container guten-column-gap-default\">\n<div class=\"wp-block-gutenverse-column guten-element guten-column guten-rVaheY\"><div class=\"guten-column-wrapper\" data-id=\"rVaheY\">\n<div class=\"guten-element gutenverse-text-editor guten-sHK94N\"><div class=\"text-content-inner\">\n<p>1 kit de supports de com\u2019<\/p>\n<\/div><\/div>\n<\/div><\/div>\n\n\n\n<div class=\"wp-block-gutenverse-column guten-element guten-column guten-kAxwJ2\"><div class=\"guten-column-wrapper\" data-id=\"kAxwJ2\"><\/div><\/div>\n<\/div><\/section><\/div>\n<\/div><\/div>\n<\/div><\/section><\/div>\n\n\n\n<div class=\"guten-element guten-spacer guten-5DeM1y\"><\/div>\n\n\n\n<div class=\"guten-element guten-button-wrapper guten-UFRmIb\"><a class=\"guten-button guten-button-sm\" href=\"#\"><span>Je veux en savoir plus<\/span><\/a><\/div>\n<\/div><\/div>\n<\/div><\/section><\/div>\n","protected":false},"excerpt":{"rendered":"","protected":false},"author":1,"featured_media":0,"parent":0,"menu_order":0,"comment_status":"closed","ping_status":"closed","template":"","meta":{"_eb_attr":"","footnotes":""},"class_list":["post-11","page","type-page","status-publish","hentry"],"_links":{"self":[{"href":"https:\/\/atypicid.org\/index.php\/wp-json\/wp\/v2\/pages\/11","targetHints":{"allow":["GET"]}}],"collection":[{"href":"https:\/\/atypicid.org\/index.php\/wp-json\/wp\/v2\/pages"}],"about":[{"href":"https:\/\/atypicid.org\/index.php\/wp-json\/wp\/v2\/types\/page"}],"author":[{"embeddable":true,"href":"https:\/\/atypicid.org\/index.php\/wp-json\/wp\/v2\/users\/1"}],"replies":[{"embeddable":true,"href":"https:\/\/atypicid.org\/index.php\/wp-json\/wp\/v2\/comments?post=11"}],"version-history":[{"count":19,"href":"https:\/\/atypicid.org\/index.php\/wp-json\/wp\/v2\/pages\/11\/revisions"}],"predecessor-version":[{"id":401,"href":"https:\/\/atypicid.org\/index.php\/wp-json\/wp\/v2\/pages\/11\/revisions\/401"}],"wp:attachment":[{"href":"https:\/\/atypicid.org\/index.php\/wp-json\/wp\/v2\/media?parent=11"}],"curies":[{"name":"wp","href":"https:\/\/api.w.org\/{rel}","templated":true}]}}