{"id":394,"date":"2026-01-12T10:48:27","date_gmt":"2026-01-12T10:48:27","guid":{"rendered":"https:\/\/atypicid.org\/?page_id=394"},"modified":"2026-01-14T10:25:17","modified_gmt":"2026-01-14T10:25:17","slug":"mentions-legales","status":"publish","type":"page","link":"https:\/\/atypicid.org\/index.php\/mentions-legales\/","title":{"rendered":"Mentions l\u00e9gales"},"content":{"rendered":"\n<div class=\"guten-element gutenverse-text-editor guten-C4kGK1\"><div class=\"text-content-inner\">\n<p><a href=\"https:\/\/atypicid.org\/index.php\/accueil\/\" data-type=\"page\" data-id=\"7\">Accueil<\/a> &gt; <strong>Mentions l\u00e9gales<\/strong><\/p>\n<\/div><\/div>\n\n\n\n<div class=\"section-wrapper\" data-id=\"p181yR\"><section class=\"wp-block-gutenverse-section guten-element guten-section guten-p181yR layout-boxed align-stretch\"><div class=\"guten-container guten-column-gap-default\">\n<div class=\"wp-block-gutenverse-column guten-element guten-column guten-D9hanv\"><div class=\"guten-column-wrapper\" data-id=\"D9hanv\">\n<h1 class=\"wp-block-gutenverse-heading guten-element guten-LtLpa3\">Mentions l\u00e9gales<\/h1>\n<\/div><\/div>\n<\/div><\/section><\/div>\n\n\n\n<p>La connexion et la navigation par l\u2019Utilisateur sur le site\u00a0<a href=\"https:\/\/atypicid.org\/\">atypicid.org<\/a>\u00a0implique l\u2019acceptation int\u00e9grale et sans r\u00e9serve des pr\u00e9sentes mentions l\u00e9gales.\u00a0\u00a0<\/p>\n\n\n\n<p><\/p>\n\n\n\n<h4 class=\"wp-block-heading\">Propri\u00e9t\u00e9 intellectuelle et contrefa\u00e7ons<\/h4>\n\n\n\n<p>L&rsquo;agence Atypic est propri\u00e9taire des droits de propri\u00e9t\u00e9 intellectuelle et d\u00e9tient les droits d\u2019usage sur tous les \u00e9l\u00e9ments accessibles sur le site internet, notamment les textes, images, graphismes, logos et tous les autres \u00e9l\u00e9ments le composant sauf indication contraire.<\/p>\n\n\n\n<p>Toute repr\u00e9sentation totale ou partielle des \u00e9l\u00e9ments de ce site est soumise \u00e0 l\u2019autorisation \u00e9crite pr\u00e9alable de l&rsquo;agence Atypic. Toute exploitation non autoris\u00e9e sera consid\u00e9r\u00e9e comme constitutive d\u2019une contrefa\u00e7on et poursuivie conform\u00e9ment aux dispositions des articles L.335-2 et suivants du Code de Propri\u00e9t\u00e9 Intellectuelle.<\/p>\n\n\n\n<p>Un extrait de contenu peut \u00eatre cit\u00e9 et le lien du site\u00a0<a href=\"https:\/\/atypicid.org\/\">atypicid.org<\/a>\u00a0peut \u00eatre partag\u00e9 sur vos r\u00e9seaux sociaux, site ou blog conform\u00e9ment \u00e0 l\u2019article L.122-4 du Code de la Propri\u00e9t\u00e9 Intellectuelle en respectant la condition suivante : Article L.122-5 alin\u00e9a 3 : La source doit \u00eatre mentionn\u00e9e avec un lien vers www.atypic-lagence.fr.<\/p>\n\n\n\n<h4 class=\"wp-block-heading\">Limitations contractuelles sur les donn\u00e9es techniques<\/h4>\n\n\n\n<p>Le site\u00a0<a href=\"https:\/\/atypicid.org\/\">atypicid.org<\/a>\u00a0ne pourra \u00eatre tenu responsable de dommages mat\u00e9riels li\u00e9s \u00e0 l\u2019utilisation du site.<\/p>\n\n\n\n<p>L\u2019utilisateur doit prendre toutes les mesures appropri\u00e9es pour prot\u00e9ger son mat\u00e9riel et ses propres donn\u00e9es notamment d\u2019attaques virales par Internet. L\u2019utilisateur est par ailleurs le seul responsable des sites et donn\u00e9es qu\u2019il consulte.<\/p>\n\n\n\n<p>De plus, l\u2019utilisateur du site s\u2019engage \u00e0 acc\u00e9der au site en utilisant un mat\u00e9riel r\u00e9cent, ne contenant pas de virus et avec un navigateur de derni\u00e8re g\u00e9n\u00e9ration mis-\u00e0-jour.<\/p>\n\n\n\n<p>Cr\u00e9dits photos : pexels, Adobe Stock<\/p>\n","protected":false},"excerpt":{"rendered":"<p>La connexion et la navigation par l\u2019Utilisateur sur le site\u00a0atypicid.org\u00a0implique l\u2019acceptation int\u00e9grale et sans r\u00e9serve des pr\u00e9sentes mentions l\u00e9gales.\u00a0\u00a0 Propri\u00e9t\u00e9 intellectuelle et contrefa\u00e7ons L&rsquo;agence Atypic est propri\u00e9taire des droits de propri\u00e9t\u00e9 intellectuelle et d\u00e9tient les droits d\u2019usage sur tous les \u00e9l\u00e9ments accessibles sur le site internet, notamment les textes, images, graphismes, logos et tous les &hellip;<\/p>\n","protected":false},"author":1,"featured_media":0,"parent":0,"menu_order":0,"comment_status":"closed","ping_status":"closed","template":"","meta":{"_eb_attr":"","footnotes":""},"class_list":["post-394","page","type-page","status-publish","hentry"],"_links":{"self":[{"href":"https:\/\/atypicid.org\/index.php\/wp-json\/wp\/v2\/pages\/394","targetHints":{"allow":["GET"]}}],"collection":[{"href":"https:\/\/atypicid.org\/index.php\/wp-json\/wp\/v2\/pages"}],"about":[{"href":"https:\/\/atypicid.org\/index.php\/wp-json\/wp\/v2\/types\/page"}],"author":[{"embeddable":true,"href":"https:\/\/atypicid.org\/index.php\/wp-json\/wp\/v2\/users\/1"}],"replies":[{"embeddable":true,"href":"https:\/\/atypicid.org\/index.php\/wp-json\/wp\/v2\/comments?post=394"}],"version-history":[{"count":2,"href":"https:\/\/atypicid.org\/index.php\/wp-json\/wp\/v2\/pages\/394\/revisions"}],"predecessor-version":[{"id":418,"href":"https:\/\/atypicid.org\/index.php\/wp-json\/wp\/v2\/pages\/394\/revisions\/418"}],"wp:attachment":[{"href":"https:\/\/atypicid.org\/index.php\/wp-json\/wp\/v2\/media?parent=394"}],"curies":[{"name":"wp","href":"https:\/\/api.w.org\/{rel}","templated":true}]}}